{"id":391,"date":"2026-03-19T16:00:43","date_gmt":"2026-03-19T16:00:43","guid":{"rendered":"https:\/\/italianwine.guide\/?page_id=391"},"modified":"2026-03-19T21:33:33","modified_gmt":"2026-03-19T21:33:33","slug":"chi-siamo","status":"publish","type":"page","link":"https:\/\/italianwine.guide\/cna\/chi-siamo\/","title":{"rendered":"Chi Siamo"},"content":{"rendered":"\n<section class=\"page-title mb-0 padding-global-copy\" style=\"text-align: center;\">\n    <div class=\"container-large\">\n        <h1>Chi Siamo<\/h1>\n                    <p>Siamo un team indipendente di esperti del settore iGaming, dedicati a fornire recensioni oneste e complete dei migliori casino non AAMS per i giocatori italiani.<\/p>\n            <\/div>\n<\/section>\n\n\n<div class=\"wp-block-group\"><div class=\"wp-block-group__inner-container is-layout-constrained wp-block-group-is-layout-constrained\">\n<h2 class=\"wp-block-heading\">La Nostra Missione<\/h2>\n\n\n\n<p>In un mercato in continua evoluzione come quello dei casino online, trovare informazioni affidabili e imparziali pu\u00f2 essere una sfida. italianwine.guide nasce proprio per colmare questo vuoto: offriamo ai giocatori italiani una guida completa e trasparente nel mondo dei casino non AAMS.<\/p>\n\n\n\n<p><strong>Il Nostro Obiettivo: <\/strong><em>&#8220;Aiutare i giocatori italiani a prendere decisioni informate, fornendo recensioni dettagliate, confronti obiettivi e consigli esperti sui migliori casino non AAMS disponibili sul mercato.&#8221;<\/em><\/p>\n\n\n\n<p>Crediamo che ogni giocatore meriti accesso a informazioni accurate sulla sicurezza delle piattaforme, sulla qualit\u00e0 dei bonus e sull&#8217;affidabilit\u00e0 dei pagamenti. Il nostro lavoro \u00e8 testare, analizzare e presentare solo i casino che soddisfano i nostri rigidi standard di qualit\u00e0.<\/p>\n\n\n\n<h2 class=\"wp-block-heading\">I Nostri Valori<\/h2>\n\n\n\n<p>Ogni recensione che pubblichiamo, ogni guida che scriviamo, \u00e8 guidata da principi fondamentali che non negoziamo mai.<\/p>\n\n\n\n<h3 class=\"wp-block-heading\">Trasparenza Totale<\/h3>\n\n\n\n<p>Non nascondiamo nulla. Ogni pro e contro viene analizzato e presentato chiaramente. Se un casino ha problemi, lo diciamo.<\/p>\n\n\n\n<h3 class=\"wp-block-heading\">Ricerca Approfondita<\/h3>\n\n\n\n<p>Testiamo personalmente ogni casino: depositi reali, prelievi effettivi, interazioni con il supporto clienti.<\/p>\n\n\n\n<h3 class=\"wp-block-heading\">Indipendenza Editoriale<\/h3>\n\n\n\n<p>Le nostre recensioni non sono influenzate da accordi commerciali. L&#8217;opinione del lettore viene sempre prima.<\/p>\n\n\n\n<h3 class=\"wp-block-heading\">Gioco Responsabile<\/h3>\n\n\n\n<p>Promuoviamo attivamente il gioco responsabile e forniamo risorse per chi ha bisogno di aiuto.<\/p>\n\n\n\n<h2 class=\"wp-block-heading\">Il Nostro Team<\/h2>\n\n\n\n<p>Dietro italianwine.guide c&#8217;\u00e8 un team di professionisti con anni di esperienza nel settore del gambling online. Analisti, ex operatori di casino e giocatori esperti che uniscono le loro competenze per offrirti le migliori informazioni possibili.<\/p>\n\n\n\n<p>Il nostro team comprende specialisti in:<\/p>\n\n\n\n<p><strong>Analisi delle licenze<\/strong> \u2013 Verifichiamo l&#8217;autenticit\u00e0 e la validit\u00e0 di ogni licenza di gioco<\/p>\n\n\n\n<p><strong>Test dei bonus<\/strong> \u2013 Analizziamo i termini e le condizioni reali, calcolando il valore effettivo<\/p>\n\n\n\n<p><strong>Verifica dei pagamenti<\/strong> \u2013 Testiamo personalmente depositi e prelievi su ogni piattaforma<\/p>\n\n\n\n<p><strong>Valutazione del catalogo giochi<\/strong> \u2013 Controlliamo la qualit\u00e0 dei provider e l&#8217;RTP dichiarato<\/p>\n\n\n\n<p><strong>Assistenza clienti<\/strong> \u2013 Contattiamo il supporto in italiano per valutare tempi e qualit\u00e0 delle risposte<\/p>\n\n\n\n<h2 class=\"wp-block-heading\">Il Nostro Impegno Verso di Te<\/h2>\n\n\n\n<p>Quando consulti italianwine.guide, puoi contare su:<\/p>\n\n\n\n<ul class=\"wp-block-list\">\n<li>Recensioni aggiornate: Monitoriamo costantemente i casino recensiti e aggiorniamo le informazioni quando necessario<\/li>\n\n\n\n<li>Confronti obiettivi: Le nostre classifiche si basano su criteri trasparenti e misurabili<\/li>\n\n\n\n<li>Guide educative: Ti aiutiamo a comprendere il funzionamento dei casino, dei bonus e delle licenze<\/li>\n\n\n\n<li>Sicurezza prima di tutto: Raccomandiamo solo casino con licenze verificate e reputazione consolidata<\/li>\n\n\n\n<li>Supporto al gioco responsabile: Forniamo informazioni e risorse per giocare in modo consapevole<\/li>\n<\/ul>\n\n\n\n<h2 class=\"wp-block-heading\">Trasparenza e Affiliazione<\/h2>\n\n\n\n<p>Per mantenere la massima trasparenza con i nostri lettori, \u00e8 importante che tu sappia che italianwine.guide pu\u00f2 ricevere una commissione quando ti registri su un casino tramite i nostri link. Questo ci permette di mantenere il sito gratuito e di continuare a produrre contenuti di qualit\u00e0.<\/p>\n\n\n\n<p>Tuttavia, questo non influenza mai le nostre recensioni. Un casino che paga commissioni elevate ma offre un servizio scadente non ricever\u00e0 mai una recensione positiva da noi. La tua fiducia \u00e8 pi\u00f9 importante di qualsiasi commissione.<\/p>\n<\/div><\/div>\n","protected":false},"excerpt":{"rendered":"<p>La Nostra Missione In un mercato in continua evoluzione come quello dei casino online, trovare informazioni affidabili e imparziali pu\u00f2 essere una sfida. italianwine.guide nasce proprio per colmare questo vuoto: offriamo ai giocatori italiani una guida completa e trasparente nel mondo dei casino non AAMS. Il Nostro Obiettivo: &#8220;Aiutare i giocatori italiani a prendere decisioni [&hellip;]<\/p>\n","protected":false},"author":2,"featured_media":0,"parent":0,"menu_order":0,"comment_status":"closed","ping_status":"closed","template":"","meta":{"_acf_changed":false,"footnotes":""},"class_list":["post-391","page","type-page","status-publish","hentry"],"acf":[],"_links":{"self":[{"href":"https:\/\/italianwine.guide\/cna\/wp-json\/wp\/v2\/pages\/391","targetHints":{"allow":["GET"]}}],"collection":[{"href":"https:\/\/italianwine.guide\/cna\/wp-json\/wp\/v2\/pages"}],"about":[{"href":"https:\/\/italianwine.guide\/cna\/wp-json\/wp\/v2\/types\/page"}],"author":[{"embeddable":true,"href":"https:\/\/italianwine.guide\/cna\/wp-json\/wp\/v2\/users\/2"}],"replies":[{"embeddable":true,"href":"https:\/\/italianwine.guide\/cna\/wp-json\/wp\/v2\/comments?post=391"}],"version-history":[{"count":2,"href":"https:\/\/italianwine.guide\/cna\/wp-json\/wp\/v2\/pages\/391\/revisions"}],"predecessor-version":[{"id":394,"href":"https:\/\/italianwine.guide\/cna\/wp-json\/wp\/v2\/pages\/391\/revisions\/394"}],"wp:attachment":[{"href":"https:\/\/italianwine.guide\/cna\/wp-json\/wp\/v2\/media?parent=391"}],"curies":[{"name":"wp","href":"https:\/\/api.w.org\/{rel}","templated":true}]}}